{"id":180,"date":"2013-06-18T10:18:00","date_gmt":"2013-04-18T10:18:00","guid":{"rendered":"http:\/\/www.blog-cursos-idiomas.es\/cursos-idiomas\/?page_id=180"},"modified":"2013-03-19T14:33:01","modified_gmt":"2013-03-19T14:33:01","slug":"cursos-de-idiomas","status":"publish","type":"page","link":"http:\/\/www.blog-cursos-idiomas.es\/cursos-idiomas\/cursos-de-idiomas\/","title":{"rendered":"Cursos de idiomas"},"content":{"rendered":"<p><!--more--><\/p>\n<p>Existe una gran variedad de tipos cursos de idiomas, para conocerlos mejor a continuaci\u00f3n explicamos en qu\u00e9 consiste cada uno:<\/p>\n<p><strong><span style=\"text-decoration: underline;\">Curso general<\/span><\/strong><\/p>\n<p>El curso general es un curso en grupo destinado al aprendizaje general del idioma que te permite adquirir habilidades en la comunicaci\u00f3n que pueden ser utilizadas en muchas situaciones comunes de la vida cotidiana.<br \/>\nEste curso est\u00e1 destinado a aquellos que deseen aprender o perfeccionar un idioma y que quieran aprovechar la posibilidad de practicarlo en el extranjero. Objetivos del curso<\/p>\n<ul>\n<li>desarrollar tus conocimientos generales<\/li>\n<li>expresi\u00f3n oral y escrita<\/li>\n<li>comprensi\u00f3n oral y escrita<\/li>\n<li>comunicarse mejor en una situaci\u00f3n real<\/li>\n<\/ul>\n<p>Contenido del curso<\/p>\n<p>Seg\u00fan las necesidades y los intereses del grupo:<\/p>\n<ul>\n<li>gram\u00e1tica<\/li>\n<li>vocabulario<\/li>\n<li>comprensi\u00f3n oral<\/li>\n<li>expresi\u00f3n oral<\/li>\n<li>ejercicios pr\u00e1cticos<\/li>\n<li>pronunciaci\u00f3n<\/li>\n<li>lectura<\/li>\n<li>redacci\u00f3n<\/li>\n<\/ul>\n<p>Ventajas:<br \/>\nEste curso puede servir tanto a principiantes como a avanzados<\/p>\n<p>Nivel m\u00ednimo requerido: principiante<\/p>\n<p><strong><span style=\"text-decoration: underline;\">Curso intensivo<\/span><\/strong><\/p>\n<p>El curso intensivo es como el curso general, ya que est\u00e1 destinado al aprendizaje general del idioma. Permite adquirir habilidades en la comunicaci\u00f3n que pueden ser utilizadas en muchas situaciones comunes de la vida cotidiana. Este curso contiene un mayor n\u00famero de clases, lo que permite estudiar los temas detalladamente progresar r\u00e1pidamente.<\/p>\n<p>Objetivos del curso<\/p>\n<p>-desarrollar tus conocimientos generales<\/p>\n<ul>\n<li>expresi\u00f3n oral y escrita<\/li>\n<li>comprensi\u00f3n oral y escrita<\/li>\n<li>comunicarse mejor en una situaci\u00f3n real<\/li>\n<\/ul>\n<p>Contenido del curso<\/p>\n<p>Seg\u00fan las necesidades y los intereses del grupo<\/p>\n<ul>\n<li>gram\u00e1tica<\/li>\n<li>vocabulario<\/li>\n<li>comprensi\u00f3n oral<\/li>\n<li>expresi\u00f3n oral<\/li>\n<li>ejercicios pr\u00e1cticos<\/li>\n<li>pronunciaci\u00f3n<\/li>\n<li>lectura<\/li>\n<li>redacci\u00f3n<\/li>\n<\/ul>\n<p>Ventajas<\/p>\n<p>Este curso puede servir tanto a principiantes como a avanzados<\/p>\n<p>Nivel m\u00ednimo requerido:<a href=\"http:\/\/www.activa-idiomas.es\/es\/cursos-de-ingles-en-el-extranjero\/curso-intensivo\/\">Principiante<\/a><\/p>\n<p><strong><span style=\"text-decoration: underline;\">Cursos individuales<\/span><\/strong><\/p>\n<p>\u00a1Lo mejor para aprender! Un curso a medida, ya que el alumno se encuentra solo con su profesor, lo que permite alcanzar muchos conocimientos en poco tiempo.<br \/>\nEste tipo de f\u00f3rmula te permite estudiar un idioma en funci\u00f3n de tus necesidades e intereses personales.<br \/>\nPor supuesto, este curso evoluciona de acuerdo a tu ritmo y a tu nivel de idioma.<\/p>\n<p><strong>Objetivos del curso<\/strong><\/p>\n<ul>\n<li>desarrollar tus conocimientos generales<\/li>\n<li>expresi\u00f3n oral y escrita<\/li>\n<li>comprensi\u00f3n oral y escrita<\/li>\n<li>comunicarse mejor en una situaci\u00f3n real<\/li>\n<\/ul>\n<p><strong>Contenido del curso:<\/strong><\/p>\n<p>Seg\u00fan las necesidades y los intereses del alumno<\/p>\n<ul>\n<li>gram\u00e1tica<\/li>\n<li>vocabulario<\/li>\n<li>comprensi\u00f3n oral<\/li>\n<li>expresi\u00f3n oral<\/li>\n<li>ejercicios pr\u00e1cticos<\/li>\n<li>pronunciaci\u00f3n<\/li>\n<li>lectura<\/li>\n<li>redacci\u00f3n<\/li>\n<\/ul>\n<p><strong>Ventajas:<\/strong><\/p>\n<p>Este curso puede servir tanto a principiantes como a avanzados<\/p>\n<p><strong>Nivel m\u00ednimo requerido<\/strong>:<a href=\"http:\/\/www.activa-idiomas.es\/es\/cursos-de-ingles-en-el-extranjero\/cursos-individuales-one-to-one\/\">Principiante<\/a><\/p>\n<p><strong><span style=\"text-decoration: underline;\">Curso individuales en casa del profesor<\/span><\/strong><\/p>\n<p>Estudia y convive con tu profesor: inmersi\u00f3n total en un ambiente privilegiado.<br \/>\nEl curso en casa del profesor se crea especialmente para satisfacer tus necesidades, no para un gran grupo. No olvides que insistimos en que todos nuestros profesores deben poseer un t\u00edtulo universitario o un Certificado de Aptitud Pedag\u00f3gica.<br \/>\nLo m\u00e1s importante es que te encuentres totalmente aislado de tu lengua materna.<br \/>\nEn este programa se pueden elegir 10, 15, 20, 25 o 30 horas semanales de clases individuales con un profesor titulado. En la mayor\u00eda de los casos, para los estudiantes m\u00e1s j\u00f3venes o las personas que realizan estancias largas, el programa de 15 horas a la semana es ampliamente suficiente.<br \/>\nPara un profesional que solo disponga de una o dos semanas y que desea mejorar su nivel r\u00e1pidamente el programa de 25 horas semanales ser\u00e1 m\u00e1s adecuado.<\/p>\n<p><strong>Objetivos del curso<\/strong><\/p>\n<ul>\n<li>desarrollar tus conocimientos generales<\/li>\n<li>expresi\u00f3n oral y escrita<\/li>\n<li>comprensi\u00f3n oral y escrita<\/li>\n<li>comunicarse mejor en una situaci\u00f3n real<\/li>\n<\/ul>\n<p><strong>Contenido del curso:<\/strong><\/p>\n<p>Seg\u00fan las necesidades y los intereses del alumno<\/p>\n<ul>\n<li>gram\u00e1tica<\/li>\n<li>vocabulario<\/li>\n<li>comprensi\u00f3n oral<\/li>\n<li>expresi\u00f3n oral<\/li>\n<li>ejercicios pr\u00e1cticos<\/li>\n<li>pronunciaci\u00f3n<\/li>\n<\/ul>\n<p><strong>Nivel m\u00ednimo requerido<\/strong>:<a href=\"http:\/\/www.activa-idiomas.es\/es\/cursos-de-ingles-en-casa-del-profesor\/cursos-en-casa-del-profesor\/\">Elemental &#8211; A1*<\/a><\/p>\n<p><strong><span style=\"text-decoration: underline;\">Curso combinado<\/span><\/strong><\/p>\n<p>Generalmente se trata de cursos en grupo por las ma\u00f1anas y de cursos individuales por las tardes. Con esta combinaci\u00f3n el alumno se beneficia de las ventajas de las clases particulares y de los beneficios que aportan las clases en grupo, como el di\u00e1logo con los compa\u00f1eros.<\/p>\n<p>Este curso es un curso en grupo al que t\u00fa a\u00f1ades un n\u00famero de clases individuales<\/p>\n<p>Esta f\u00f3rmula es ideal para quienes quieren un curso en grupo y a la vez repasar lo estudiado en clase con la finalidad de profundizar en algo. Es decir, seguir un curso general y estudiar un tema especifico en los cursos individuales.<\/p>\n<p><strong>Objetivos del curso<\/strong><\/p>\n<ul>\n<li>desarrollar tus conocimientos generales<\/li>\n<li>expresi\u00f3n oral y escrita<\/li>\n<li>comprensi\u00f3n oral y escrita<\/li>\n<li>comunicarse mejor en una situaci\u00f3n real<\/li>\n<\/ul>\n<p><strong>Contenido del curso<\/strong><\/p>\n<p>Seg\u00fan las necesidades y los intereses del grupo<\/p>\n<ul>\n<li>gram\u00e1tica<\/li>\n<li>vocabulario<\/li>\n<li>comprensi\u00f3n oral<\/li>\n<li>expresi\u00f3n oral<\/li>\n<li>ejercicios pr\u00e1cticos<\/li>\n<li>pronunciaci\u00f3n<\/li>\n<li>lectura<\/li>\n<li>redacci\u00f3n<\/li>\n<\/ul>\n<p><strong>Ventajas<\/strong><\/p>\n<p>Este curso puede servir tanto a principiantes como a avanzados<\/p>\n<p><strong>Nivel m\u00ednimo requerido:<\/strong><a href=\"http:\/\/www.activa-idiomas.es\/es\/cursos-de-ingles-en-el-extranjero\/curso-combinado\/\">Principiante<\/a><\/p>\n<p><strong><span style=\"text-decoration: underline;\">Cursos de idiomas en mini grupo<\/span><\/strong><\/p>\n<p>Los cursos en mini grupo son ideales para aquellos que est\u00e9n muy motivados y dispongan del tiempo para estudiar el idioma.<br \/>\nEsta formaci\u00f3n os garantiza un m\u00e1ximo de progreso en un m\u00ednimo de tiempo. Las clases son estilo seminario, en peque\u00f1os grupos de 6 estudiantes como m\u00e1ximo.<br \/>\nLa f\u00f3rmula os ayudar\u00e1 a mejorar vuestro ingl\u00e9s general en varios dominios claves: conversaci\u00f3n, escucha, lectura y redacci\u00f3n, dominio de estructuras y conocimientos gramaticales.<br \/>\nLa f\u00f3rmula intensiva ofrece una opci\u00f3n de idiomas aplicado a los negocios.<br \/>\nEl m\u00e9todo de estudios privilegia la interactividad y se fundamenta sobre los juegos de rol, los estudios de caso, los grupos de discusi\u00f3n y el an\u00e1lisis de relaciones entre culturas.<br \/>\nLos profesores utilizan documentos contempor\u00e1neos y medios como la televisi\u00f3n e internet.<\/p>\n<p><strong>Nivel m\u00ednimo requerido:<\/strong> Elemental<\/p>\n<!-- AddThis Advanced Settings generic via filter on the_content --><!-- AddThis Share Buttons generic via filter on the_content -->","protected":false},"excerpt":{"rendered":"<p><!-- AddThis Advanced Settings generic via filter on get_the_excerpt --><!-- AddThis Share Buttons generic via filter on get_the_excerpt --><\/p>\n","protected":false},"author":1,"featured_media":0,"parent":0,"menu_order":1,"comment_status":"closed","ping_status":"open","template":"","meta":{"ngg_post_thumbnail":0,"footnotes":""},"class_list":["post-180","page","type-page","status-publish","hentry"],"_links":{"self":[{"href":"http:\/\/www.blog-cursos-idiomas.es\/cursos-idiomas\/wp-json\/wp\/v2\/pages\/180","targetHints":{"allow":["GET"]}}],"collection":[{"href":"http:\/\/www.blog-cursos-idiomas.es\/cursos-idiomas\/wp-json\/wp\/v2\/pages"}],"about":[{"href":"http:\/\/www.blog-cursos-idiomas.es\/cursos-idiomas\/wp-json\/wp\/v2\/types\/page"}],"author":[{"embeddable":true,"href":"http:\/\/www.blog-cursos-idiomas.es\/cursos-idiomas\/wp-json\/wp\/v2\/users\/1"}],"replies":[{"embeddable":true,"href":"http:\/\/www.blog-cursos-idiomas.es\/cursos-idiomas\/wp-json\/wp\/v2\/comments?post=180"}],"version-history":[{"count":136,"href":"http:\/\/www.blog-cursos-idiomas.es\/cursos-idiomas\/wp-json\/wp\/v2\/pages\/180\/revisions"}],"predecessor-version":[{"id":765,"href":"http:\/\/www.blog-cursos-idiomas.es\/cursos-idiomas\/wp-json\/wp\/v2\/pages\/180\/revisions\/765"}],"wp:attachment":[{"href":"http:\/\/www.blog-cursos-idiomas.es\/cursos-idiomas\/wp-json\/wp\/v2\/media?parent=180"}],"curies":[{"name":"wp","href":"https:\/\/api.w.org\/{rel}","templated":true}]}}