{"id":177,"date":"2013-06-18T10:18:00","date_gmt":"2013-04-18T10:18:00","guid":{"rendered":"http:\/\/www.blog-cursos-idiomas.es\/cursos-idiomas\/?page_id=177"},"modified":"2010-08-16T16:27:56","modified_gmt":"2010-08-16T16:27:56","slug":"escuelas-de-idiomas","status":"publish","type":"page","link":"http:\/\/www.blog-cursos-idiomas.es\/cursos-idiomas\/escuelas-de-idiomas\/","title":{"rendered":"Escuelas de idiomas"},"content":{"rendered":"<h3><img loading=\"lazy\" decoding=\"async\" class=\"aligncenter size-full wp-image-990\" title=\"ecoles-de-langues\" src=\"http:\/\/www.blog-cursos-idiomas.es\/cursos-idiomas\/wp-content\/uploads\/2009\/01\/ecoles-de-langues.jpg\" alt=\"ecoles-de-langues\" width=\"630\" height=\"180\" srcset=\"http:\/\/www.blog-cursos-idiomas.es\/cursos-idiomas\/wp-content\/uploads\/2009\/01\/ecoles-de-langues.jpg 630w, http:\/\/www.blog-cursos-idiomas.es\/cursos-idiomas\/wp-content\/uploads\/2009\/01\/ecoles-de-langues-300x85.jpg 300w\" sizes=\"auto, (max-width: 630px) 100vw, 630px\" \/><\/h3>\n<h3>\u00bfQu\u00e9 son nuestras \u00a0escuelas de idiomas?<\/h3>\n<p>Se tratan de establecimientos de ense\u00f1anza especializadas en la ense\u00f1anza del idioma del pa\u00eds donde est\u00e1 ubicada a extranjeros.<\/p>\n<p>Son establecimientos escolares que deben estar acreditados por los organismos educativos oficiales del pa\u00eds correspondiente as\u00ed como por organismos internacionales.<\/p>\n<p>Los establecimientos deben disponer de equipamientos espec\u00edficos de formaci\u00f3n tales como biblioteca, videoteca, laboratorios de idiomas, etc.<\/p>\n<p>Las escuelas deben estar habilitadas para recibir estudiantes de todo el mundo.<\/p>\n<p>En el sitio <a href=\"http:\/\/www.activa-idiomas.es\">www.activa-idiomas.es<\/a> encontrar\u00e9is una selecci\u00f3n de las mejores escuelas del mundo.<\/p>\n<p><strong>Todos los profesores est\u00e1n diplomados en la ense\u00f1anza de su idioma materno a extranjeros<\/strong><\/p>\n<!-- AddThis Advanced Settings generic via filter on the_content --><!-- AddThis Share Buttons generic via filter on the_content -->","protected":false},"excerpt":{"rendered":"<p>\u00bfQu\u00e9 son nuestras \u00a0escuelas de idiomas? Se tratan de establecimientos de ense\u00f1anza especializadas en la ense\u00f1anza del idioma del pa\u00eds donde est\u00e1 ubicada a extranjeros. Son establecimientos escolares que deben estar acreditados por los organismos educativos oficiales del pa\u00eds correspondiente <a class=\"more-link\" href=\"http:\/\/www.blog-cursos-idiomas.es\/cursos-idiomas\/escuelas-de-idiomas\/\">Seguir leyendo <span class=\"screen-reader-text\">  Escuelas de idiomas<\/span><span class=\"meta-nav\">&rarr;<\/span><\/a><!-- AddThis Advanced Settings generic via filter on get_the_excerpt --><!-- AddThis Share Buttons generic via filter on get_the_excerpt --><\/p>\n","protected":false},"author":1,"featured_media":0,"parent":0,"menu_order":2,"comment_status":"closed","ping_status":"open","template":"","meta":{"ngg_post_thumbnail":0,"footnotes":""},"class_list":["post-177","page","type-page","status-publish","hentry"],"_links":{"self":[{"href":"http:\/\/www.blog-cursos-idiomas.es\/cursos-idiomas\/wp-json\/wp\/v2\/pages\/177","targetHints":{"allow":["GET"]}}],"collection":[{"href":"http:\/\/www.blog-cursos-idiomas.es\/cursos-idiomas\/wp-json\/wp\/v2\/pages"}],"about":[{"href":"http:\/\/www.blog-cursos-idiomas.es\/cursos-idiomas\/wp-json\/wp\/v2\/types\/page"}],"author":[{"embeddable":true,"href":"http:\/\/www.blog-cursos-idiomas.es\/cursos-idiomas\/wp-json\/wp\/v2\/users\/1"}],"replies":[{"embeddable":true,"href":"http:\/\/www.blog-cursos-idiomas.es\/cursos-idiomas\/wp-json\/wp\/v2\/comments?post=177"}],"version-history":[{"count":17,"href":"http:\/\/www.blog-cursos-idiomas.es\/cursos-idiomas\/wp-json\/wp\/v2\/pages\/177\/revisions"}],"predecessor-version":[{"id":1020,"href":"http:\/\/www.blog-cursos-idiomas.es\/cursos-idiomas\/wp-json\/wp\/v2\/pages\/177\/revisions\/1020"}],"wp:attachment":[{"href":"http:\/\/www.blog-cursos-idiomas.es\/cursos-idiomas\/wp-json\/wp\/v2\/media?parent=177"}],"curies":[{"name":"wp","href":"https:\/\/api.w.org\/{rel}","templated":true}]}}