{"id":175,"date":"2013-12-18T10:18:00","date_gmt":"2013-11-18T10:18:00","guid":{"rendered":"http:\/\/www.blog-cursos-idiomas.es\/cursos-idiomas\/?page_id=175"},"modified":"2013-03-19T14:35:01","modified_gmt":"2013-03-19T14:35:01","slug":"consejos","status":"publish","type":"page","link":"http:\/\/www.blog-cursos-idiomas.es\/cursos-idiomas\/consejos\/","title":{"rendered":"Consejos"},"content":{"rendered":"<p><img loading=\"lazy\" decoding=\"async\" class=\"aligncenter size-full wp-image-1015\" title=\"sejour-linguistique\" src=\"http:\/\/www.blog-cursos-idiomas.es\/cursos-idiomas\/wp-content\/uploads\/2009\/01\/sejour-linguistique.jpg\" alt=\"sejour-linguistique\" width=\"630\" height=\"180\" srcset=\"http:\/\/www.blog-cursos-idiomas.es\/cursos-idiomas\/wp-content\/uploads\/2009\/01\/sejour-linguistique.jpg 630w, http:\/\/www.blog-cursos-idiomas.es\/cursos-idiomas\/wp-content\/uploads\/2009\/01\/sejour-linguistique-300x85.jpg 300w\" sizes=\"auto, (max-width: 630px) 100vw, 630px\" \/><\/p>\n<h2>Algunos consejos de orden general<\/h2>\n<p>Escoger un curso en el extranjero requiere una gran atenci\u00f3n para conseguir el programa deseado y los resultados esperados. Por eso os aconsejamos seguir algunas reglas b\u00e1sicas a la hora de elegir vuestro curso:<\/p>\n<ul>\n<li>No lo decid\u00e1is en el \u00faltimo momento, tomad el tiempo necesario para seleccionar en curso tranquilamente.<\/li>\n<li>Definid bien vuestro objetivo: mantener vuestro nivel, pr\u00e1ctica intensiva del idioma, preparar un examen, practicar una actividad deportiva en un contexto diferente\u2026<\/li>\n<li>Padres: no obligu\u00e9is nunca a vuestro hijo a hacer un curso en el extranjero si el no quiere y tened en cuenta su personalidad.<\/li>\n<li>Si el alumno tiene menos de 16 a\u00f1os y es la primera vez que salo solo, evitad los destinos lejanos.<\/li>\n<li>Comparad las prestaciones que os ofrece cada programa y leed atentamente las descripciones de los programas.<\/li>\n<li>El aprendizaje intercultural es uno de los puntos fuertes de estos cursos: es necesario un verdadero esfuerzo de integraci\u00f3n por parte del alumno<\/li>\n<\/ul>\n<h2>\u00bfCu\u00e1ndo inscribirse? Lo antes posible.<\/h2>\n<p>Las inscripciones de \u00faltima hora no os permitir\u00e1n escoger el alojamiento (especialmente para el alojamiento en residencia de estudiantes)<br \/>\nAlgunos cursos implican clases con pocos alumnos y se completan r\u00e1pidamente.<\/p>\n<p><strong>Si te inscribes lo antes posible:<\/strong><\/p>\n<ul>\n<li>Tendr\u00e9is la posibilidad de escoger: cuanto m\u00e1s tiempo tard\u00e9is menos posibilidades tendr\u00e9is de encontrar el curso que quer\u00e9is.<\/li>\n<li>Para el alojamiento es tambi\u00e9n importante: las residencias de estudiantes y los apartamentos para compartir tienen capacidades limitadas, por tanto es aconsejable reservar pronto.<\/li>\n<li>Los precios del viaje ser\u00e1n menores: normalmente las compa\u00f1\u00edas a\u00e9reas van subiendo el precio seg\u00fan se acerca la fecha del vuelo.<\/li>\n<li>Un carnet de identidad\u00a0\u00a0o pasaporte para salir del pa\u00eds, dependiendo del destino (en el caso de\u00a0la Uni\u00f3n Europea\u00a0\u00a0con el carnet de identidad es suficiente)<\/li>\n<li>Las salidas fuera de\u00a0la UE\u00a0deben consultarse en la embajada o consulado del pa\u00eds destino para obtener los visados en el caso de que fuera necesario.<\/li>\n<\/ul>\n<h2>Las formalidades para salir del pa\u00eds:<\/h2>\n<h3>Los transportes:<\/h3>\n<p><strong>Activa Idiomas no os ofrece la reserva del transporte al lugar de destino. <\/strong>Activa es, ante todo un portal educativo, no una agencia de viajes, por tanto tendr\u00e9is que buscar vosotros los vuelos.<\/p>\n<p>No obstante, por vuestra seguridad y comodidad, nuestras escuelas organizan, si vosotros quer\u00e9is, el traslado desde el aeropuerto o la estaci\u00f3n hasta vuestro lugar de residencia o escuela.<br \/>\nEn lo que concierne a vuestro viaje de ida y vuelta, os aconsejamos que lo organic\u00e9is vosotros mismos ya que, en Internet podr\u00e9is encontrar precios particularmente interesantes.<\/p>\n<h3>\u00bfDebo hacer un seguro antes de partir?<\/h3>\n<p>El seguro de viajes os protege contra riesgos espec\u00edficos ligados al viaje:<\/p>\n<ul>\n<li>Accidente o enfermedad (gastos de hospitalizaci\u00f3n en el extranjero y de repatriaci\u00f3n<\/li>\n<li>Gastos ligados a la posible anulaci\u00f3n de vuestro viaje por razones de fuerza mayor e independientes a vuestra voluntad<\/li>\n<li>El robo o deterioro de vuestros efectos personales durante vuestro curso. Nosotros os recomendamos que contrat\u00e9is un seguro o completo o parcial.<\/li>\n<li>Antes de partir a uno de los pa\u00edses de la Uni\u00f3n Europea deber\u00e9is haceros la Tarjeta sanitaria Europea. Esta tarjeta os permite utilizar los servicios m\u00e9dicos gratuitamente en todos los pa\u00edses de la Uni\u00f3n Europea.Para los destinos fuera de la Uni\u00f3n Europea, deber\u00e9is hacer un seguro sanitario espec\u00edfico.<\/li>\n<\/ul>\n<h2><strong>Alojamiento<\/strong><\/h2>\n<p>En cada escuela se ofrecen diferentes formas de alojamiento que pod\u00e9is reservar seg\u00fan vuestras preferencias.<br \/>\nNosotros consideramos el alojamiento como una parte muy importante en todo <a href=\"http:\/\/www.activa-idiomas.es\/\">curso de idiomas<\/a>, por eso durante la selecci\u00f3n de nuestras escuelas asociadas hemos escogido aquellas instituciones que pueden garantizar una calidad en el alojamiento.<\/p>\n<h3>Curso sin alojamiento<\/h3>\n<p>Es posible reservar con Activa Idiomas solamente el curso y organizar vosotros mismos el alojamiento. Si ten\u00e9is amigos en el lugar de destino, o si, simplemente quer\u00e9is desenvolveros solos, existe la posibilidad de pagar \u00fanicamente el curso sin suplementos.\u00a0 \u00bfTen\u00e9is ganas de alquilar un apartamento una vez all\u00ed con otros estudiantes? No hay problema, la mejor soluci\u00f3n,\u00a0 es reservar una de las formas de alojamiento que se proponen durante la(s) primera(s) semana(s) de curso, as\u00ed tendr\u00e9is el tiempo necesario para conocer gente y realizar all\u00ed la b\u00fasqueda de alojamiento.<\/p>\n<h3>Alojamiento en familia<\/h3>\n<p>Este tipo de alojamiento supone vivir con una familia que alquila una habitaci\u00f3n para el alumno. Es importante remarcar que este tipo de alojamiento, normalmente incluye solamente una habitaci\u00f3n en la casa de una familia, la cual no tiene el compromiso ni la obligaci\u00f3n de ocuparse del hospedado ni de sus actividades de ocio. (\u00fanicamente en algunas f\u00f3rmulas espec\u00edficas, sobre todo para menores de edad, la familia tiene este compromiso).<\/p>\n<p>Nuestras escuelas asociadas seleccionan cuidadosamente las familias que se prestan a controles regulares.<\/p>\n<p>Generalmente los estudiantes de la misma lengua materna no se alojan en la misma casa, salvo petici\u00f3n de los mismos. Las peticiones espec\u00edficas que afectan a las familias (ni\u00f1os, j\u00f3venes, animales, dieta especial, no fumadores, etc.) son tomadas en consideraci\u00f3n durante la inscripci\u00f3n y respetadas en la mayor\u00eda de los casos, no obstante\u00a0<strong>es muy importante indicar las alergias o enfermedades para informar a la familia.<\/strong><\/p>\n<p>No os podemos garantizar que encontrareis una familia que se adapte totalmente a vuestras preferencias, pero cuanto antes realic\u00e9is la reserva, mayores posibilidades tendr\u00e9is de estar satisfechos con vuestra familia.<\/p>\n<p>Generalmente las familias viven cerca de la escuela.<\/p>\n<p>Alojarse en una familia representa sin duda la mejor forma de alojamiento durante un curso de idiomas en el extranjero. El contacto d\u00eda a d\u00eda con la familia ofrece la posibilidad de practicar el idioma todos los d\u00edas as\u00ed como conocer mejor el idioma y las expresiones y el modo de vida de la gente del pa\u00eds.\u00a0<strong>No obstante sois vosotros los que ten\u00e9is que hacer el esfuerzo de establecer contacto con la familia y manifestar inter\u00e9s por otras cosas a parte del alojamiento, en el caso de que quer\u00e1is establecer una relaci\u00f3n m\u00e1s personal con la familia.<\/strong> <strong>Este tipo de alojamiento es el m\u00e1s econ\u00f3mico.<\/strong><\/p>\n<h3>Piso compartido<\/h3>\n<p>Este tipo de alojamiento permite vivir en un piso compartido con una habitaci\u00f3n individual. Esta f\u00f3rmula supone una estancia totalmente independiente en lo que respecta a las comidas (derecho a utilizar la cocina) y vivir con otras personas con un modo de vida igualmente independiente.<\/p>\n<p>Muy popular en Alemania bajo el nombre de WG (Wohngemeinschaft) o en Inglaterra (student house), esta f\u00f3rmula tambi\u00e9n se ofrece en Espa\u00f1a, Irlanda, Italia y Austria.<\/p>\n<h3>Residencia<\/h3>\n<p>Las residencias son alojamientos que ofrecen precios atractivos gracias a su v\u00ednculo con nuestras escuelas asociadas. Por este motivo encontrar\u00e9is numerosos estudiantes en la residencia, pero tambi\u00e9n viajeros y otras personas sin relaci\u00f3n con la escuela. Las residencias disponen de espacios comunes (cocina, comedor, sal\u00f3n) que son propicios para conocer gente.<br \/>\nLas residencias ofrecen diferentes posibilidades de alojamiento: habitaci\u00f3n individual o doble, cuarto de ba\u00f1o individual o compartido.<br \/>\nPor lo tanto, existen varios niveles de confort: desde el \u201cStandard\u201d hasta el m\u00e1s elevado, lo que explica la variaci\u00f3n de tarifas en este tipo de alojamiento.<\/p>\n<h3>Residencia en el campus<\/h3>\n<p>Ideal para los estudiantes que desean disfrutar de un m\u00e1ximo de independencia, este tipo de alojamiento permite igualmente conocer a otros estudiantes.<br \/>\nOs podr\u00e9is alojar en una habitaci\u00f3n individual o (m\u00e1s frecuentemente) en habitaci\u00f3n doble y, en la mayor\u00eda de los casos, ocupar\u00e9is el cuarto de ba\u00f1o y la cocina con otros estudiantes. El confort de este alojamiento responde la media com\u00fan del pa\u00eds anfitri\u00f3n<\/p>\n<h3>Hotel<\/h3>\n<p>Tambi\u00e9n podemos considerar un curso de idiomas plenamente confortable, con las comodidades de un hotel. En la mayor\u00eda de los casos, nuestras escuelas asociadas proponen un servicio de reserva de hoteles. Evidentemente esta forma de alojamiento es m\u00e1s costosa que las otras.<\/p>\n<p>Algunos destinos como Malta, que disponen de una red hotelera muy importante, proponen el hotel en lugar de la residencia.<\/p>\n<h3>Apartamento\/ Estudio<\/h3>\n<p>Tambi\u00e9n se puede considerar un curso ling\u00fc\u00edstico con el disfrute de un apartamento alquilado para la ocasi\u00f3n. Puede ser o un apartamento compartido con otros estudiantes, o un estudio de una a tres personas. En ciertos apartamentos existen alojamientos tipo suite, que permiten disfrutar de una habitaci\u00f3n, una sala y cuarto de ba\u00f1o individuales.<br \/>\nEn la mayor\u00eda de los casos, nuestras escuelas asociadas ofrecen un servicio de reserva de apartamentos.<br \/>\nEsta forma de alojamiento es de las m\u00e1s caras.<\/p>\n<h2>Precios de las escuelas de idiomas<\/h2>\n<p>Nosotros seleccionamos las mejores <a href=\"http:\/\/www.activa-idiomas.es\/es\/curso-de-idiomas-en-el-extranjero\/\">escuelas de idiomas por todo el mundo<\/a> seleccionadas fuera de toda consideraci\u00f3n de tipo comercial. Igualmente podemos aconsejaros sobre las escuelas y los cursos que m\u00e1s se adaptan a vuestras necesidades.<br \/>\nTodos los programas ling\u00fc\u00edsticos presentados en este sitio se ofrecen al mismo precio que si los reserv\u00e1is directamente en la escuela.<\/p>\n<p><strong>Activa idiomas trabaja con total transparencia.<\/strong><\/p>\n<p><strong>Nosotros te proponemos reservar en l\u00ednea con nuestro intermediario a un precio id\u00e9ntico al que la escuela os har\u00eda directamente.<\/strong><br \/>\n<strong>El \u00fanico suplemento que cobra activa idiomas es en concepto de gastos de gesti\u00f3n<\/strong>, nosotros realizaremos la inscripci\u00f3n en la escuela y adem\u00e1s<br \/>\npodr\u00e9is beneficiaros de todos nuestros servicios:<\/p>\n<ul>\n<li>Un consejo independiente para la elecci\u00f3n del mejor curso de idiomas, la posibilidad de elegir entre varias escuelas.<\/li>\n<li>Los documentos de informaci\u00f3n y de venta traducidos en espa\u00f1ol de forma clara y precisa.<\/li>\n<li>La ayuda de un interlocutor cerca de las escuelas durante y despu\u00e9s del curso al que podr\u00e9is recurrir si surge alg\u00fan problema.<\/li>\n<\/ul>\n<h2><a href=\"http:\/\/www.activa-idiomas.es\/es\/cursos-de-idiomas-en-el-extranjero-toda-la-informacion\/precios-de-las-escuelas-de-idiomas\/\">El precio de los cursos<\/a><\/h2>\n<p>El precio es evidentemente un elemento determinante a la hora de elegir el curso, pero es importante no olvidar que las prestaciones de calidad se pagan.<br \/>\nAnte todo es importante verificar que el precio anunciado es un precio con \u201ctodo incluido\u201d, para evitar las sorpresas de tipo \u201csuplemento\u201d por las excursiones previstas inicialmente, transportes, seguros, etc.<br \/>\nEs importante saber que los profesores diplomados cuestan m\u00e1s caros que los estudiantes que aun no tienen experiencia pedag\u00f3gica, que los cursos dirigidos a un p\u00fablico en especial (para los m\u00e1s j\u00f3venes) implican un coste a\u00f1adido por la organizaci\u00f3n y que las escuelas con material inform\u00e1tico, equipamiento deportivo y personal tambi\u00e9n tiene un coste a\u00f1adido.<br \/>\nLas familias que ofrecen alojamiento son siempre pagadas por ello. El coste suplementario debido al alojamiento en las destinaciones es a tener en cuenta en el precio anunciado.<br \/>\nPrestad atenci\u00f3n por tanto a las ofertas fantasiosas con precios muy bajos ya que las cuestiones de calidad y de seguridad son muy sensibles.<\/p>\n<p>Para finalizar, no perd\u00e1is de vista que un curso en el extranjero est\u00e1 constituido por hechos objetivos cuantificables (viaje, duraci\u00f3n de cursos, calificaci\u00f3n del personal, actividades\u2026) y otros elementos m\u00e1s subjetivos (cualidad del alojamiento, comida, etc.)<br \/>\nSi para los padres se trata de una inversi\u00f3n financiera, esta debe estar acompa\u00f1ada en todo momento de la colaboraci\u00f3n del joven. Este es uno de los elementos m\u00e1s importantes para el \u00e9xito del curso de idiomas en el extranjero. Solo los participantes, independiente de la edad que tengan, har\u00e1n prueba de su inter\u00e9s y motivaci\u00f3n y se beneficiaran de todo el aprendizaje.<\/p>\n<p><strong>\u00bfQu\u00e9 tipo de curso de idiomas?<\/strong><\/p>\n<p>La elecci\u00f3n de vuestro curso de idiomas depender\u00e1 de vuestras necesidades, objetivos, nivel de idioma, el tiempo que quer\u00e1is dedicar a el curso y de vuestro presupuesto.<\/p>\n<h3>Curso cl\u00e1sico en escuelas de idiomas (a partir de 16 a\u00f1os):<\/h3>\n<p>Con una duraci\u00f3n de una semana a varios meses, este curso ling\u00fc\u00edstico tiene clases de media jornada o m\u00e1s en los programas intensivos.<br \/>\nLa escuela propone en la mayor\u00eda de los casos, un programa de actividades (optativas).<br \/>\nGeneralmente el curso se desarrolla durante las vacaciones de invierno, en primavera, y en verano.<br \/>\nEste curso conviene a todos: estudiantes de instituto y adultos.<br \/>\nEstos cursos son organizados en las escuelas y se destinan a alumnos de edades aut\u00f3nomas.<br \/>\nLos profesores son nativos y poseen los diplomas requeridos para la ense\u00f1anza de la lengua a extranjeros.<br \/>\nEste curso te permite trabajar sobre el conocimiento general del idioma (gram\u00e1tica, vocabulario, etc.) y en el desarrollo de la capacidad de comunicaci\u00f3n, especialmente oral.<br \/>\nLa mayor\u00eda de los participantes en estos cursos son j\u00f3venes, con una edad media de 23 a\u00f1os (variable seg\u00fan las escuelas y la \u00e9poca del a\u00f1o)<br \/>\nEste curso conviene a los estudiantes y a los adultos que no tienen problema a la hora de estar en un contexto m\u00e1s joven y encuentran que este curso se adapta a sus necesidades.<br \/>\nEl n\u00famero de horas por semana puede variar de 15 a 30, el formato m\u00e1s com\u00fan suele ser 20 horas (normalmente 4 horas al d\u00eda, por las ma\u00f1anas o por las tardes de lunes a viernes)<br \/>\nEste curso es una ense\u00f1anza com\u00fan del idioma de forma general que puede estar completada con clases especializadas (f\u00f3rmula \u201cplus\u201d) que permite orientar la formaci\u00f3n hacia vuestras necesidades espec\u00edficas: la f\u00f3rmula \u201cplus\u201d es recomendada para los estudiantes m\u00e1s motivados.<\/p>\n<h3>Curso ling\u00fc\u00edstico con objetivo especifico:<\/h3>\n<p>Idioma aplicado a los negocios<\/p>\n<p><a href=\"http:\/\/www.activa-idiomas.es\/es\/examenes-y-tests-de-idiomas\/\">Preparaci\u00f3n de ex\u00e1menes<\/a> (TOEIC, TOEFL, TOEIC etc.)<\/p>\n<p>Estudio de vocabulario especializado (derecho, medicina, inform\u00e1tica\u2026)<\/p>\n<p>La duraci\u00f3n media de estos cursos se sit\u00faa entre 2 y 3 semanas.<\/p>\n<h3>Cursos en la universidad:<\/h3>\n<p>Estos cursos para mayores de 18 a\u00f1os comprenden todos los niveles de idioma.<br \/>\nLa duraci\u00f3n puede ser desde una semana hasta varios meses.<br \/>\nLos programas son diversos: cursos y actividades para los programas espec\u00edficos de verano con alojamiento o bien en el campus o bien en familia.<br \/>\nLos cursos de idiomas en el campus para adultos y estudiantes tienen lugar durante todo el a\u00f1o (\u00fanicamente para mayores de 18)<\/p>\n<h3>Cursos en casa del profesor:<\/h3>\n<p>Para aquellos que est\u00e1n muy motivados y que desean un m\u00e1ximo de eficacia en un m\u00ednimo de tiempo.<br \/>\nSe trata de una formaci\u00f3n exclusiva y personalizada, con una inmersi\u00f3n en la vida de una familia. Este programa es excelente y da muy buenos resultados, pero es de los m\u00e1s caros.<br \/>\nPara los menores de 18 a\u00f1os existe un programa que incluye la supervisi\u00f3n constante del alumno por un adulto (es obligatorio en el caso de los menores)<\/p>\n<!-- AddThis Advanced Settings generic via filter on the_content --><!-- AddThis Share Buttons generic via filter on the_content -->","protected":false},"excerpt":{"rendered":"<p>Algunos consejos de orden general Escoger un curso en el extranjero requiere una gran atenci\u00f3n para conseguir el programa deseado y los resultados esperados. Por eso os aconsejamos seguir algunas reglas b\u00e1sicas a la hora de elegir vuestro curso: No <a class=\"more-link\" href=\"http:\/\/www.blog-cursos-idiomas.es\/cursos-idiomas\/consejos\/\">Seguir leyendo <span class=\"screen-reader-text\">  Consejos<\/span><span class=\"meta-nav\">&rarr;<\/span><\/a><!-- AddThis Advanced Settings generic via filter on get_the_excerpt --><!-- AddThis Share Buttons generic via filter on get_the_excerpt --><\/p>\n","protected":false},"author":1,"featured_media":0,"parent":0,"menu_order":3,"comment_status":"closed","ping_status":"open","template":"","meta":{"ngg_post_thumbnail":0,"footnotes":""},"class_list":["post-175","page","type-page","status-publish","hentry"],"_links":{"self":[{"href":"http:\/\/www.blog-cursos-idiomas.es\/cursos-idiomas\/wp-json\/wp\/v2\/pages\/175","targetHints":{"allow":["GET"]}}],"collection":[{"href":"http:\/\/www.blog-cursos-idiomas.es\/cursos-idiomas\/wp-json\/wp\/v2\/pages"}],"about":[{"href":"http:\/\/www.blog-cursos-idiomas.es\/cursos-idiomas\/wp-json\/wp\/v2\/types\/page"}],"author":[{"embeddable":true,"href":"http:\/\/www.blog-cursos-idiomas.es\/cursos-idiomas\/wp-json\/wp\/v2\/users\/1"}],"replies":[{"embeddable":true,"href":"http:\/\/www.blog-cursos-idiomas.es\/cursos-idiomas\/wp-json\/wp\/v2\/comments?post=175"}],"version-history":[{"count":77,"href":"http:\/\/www.blog-cursos-idiomas.es\/cursos-idiomas\/wp-json\/wp\/v2\/pages\/175\/revisions"}],"predecessor-version":[{"id":802,"href":"http:\/\/www.blog-cursos-idiomas.es\/cursos-idiomas\/wp-json\/wp\/v2\/pages\/175\/revisions\/802"}],"wp:attachment":[{"href":"http:\/\/www.blog-cursos-idiomas.es\/cursos-idiomas\/wp-json\/wp\/v2\/media?parent=175"}],"curies":[{"name":"wp","href":"https:\/\/api.w.org\/{rel}","templated":true}]}}