{"id":172,"date":"2013-06-18T10:18:00","date_gmt":"2013-04-18T10:18:00","guid":{"rendered":"http:\/\/www.blog-cursos-idiomas.es\/cursos-idiomas\/?page_id=172"},"modified":"2010-08-16T16:49:48","modified_gmt":"2010-08-16T16:49:48","slug":"aprende-un-idioma","status":"publish","type":"page","link":"http:\/\/www.blog-cursos-idiomas.es\/cursos-idiomas\/aprende-un-idioma\/","title":{"rendered":"Aprende un idioma"},"content":{"rendered":"<p><img loading=\"lazy\" decoding=\"async\" class=\"aligncenter size-full wp-image-992\" title=\"apprendre-une-langues\" src=\"http:\/\/www.blog-cursos-idiomas.es\/cursos-idiomas\/wp-content\/uploads\/2009\/01\/apprendre-une-langues.jpg\" alt=\"apprendre-une-langues\" width=\"630\" height=\"180\" srcset=\"http:\/\/www.blog-cursos-idiomas.es\/cursos-idiomas\/wp-content\/uploads\/2009\/01\/apprendre-une-langues.jpg 630w, http:\/\/www.blog-cursos-idiomas.es\/cursos-idiomas\/wp-content\/uploads\/2009\/01\/apprendre-une-langues-300x85.jpg 300w\" sizes=\"auto, (max-width: 630px) 100vw, 630px\" \/><\/p>\n<p>Ir a estudiar un idioma al pa\u00eds d\u00f3nde se habla es la mejor manera de aprender y dominar una lengua. Existen m\u00faltiples posibilidades entre los diferentes cursos en funci\u00f3n de la edad y de la motivaci\u00f3n e intereses de cada uno.<br \/>\nAdem\u00e1s de aprender o perfeccionar vuestro nivel de idioma, un curso de idiomas en el extranjero aporta otras muchas ventajas, como conocer otro pa\u00eds y otra cultura, la posibilidad de hacer nuevas amistades, aprender a desenvolverse en un pa\u00eds extranjero, etc.<br \/>\nUna estancia de corta o larga duraci\u00f3n en el pa\u00eds que hablen la lengua escogida es la forma m\u00e1s com\u00fan para aquellos que desean perfeccionar la lengua, no obstante, es interesante remarcar que existen otros cursos de idiomas que se desarrollan en un pa\u00eds donde el idioma que se desea aprender no es el hablado: en efecto, pod\u00e9is ir a aprender ingl\u00e9s, espa\u00f1ol u otros idiomas viviendo en casa de un profesor de lengua materna inglesa, espa\u00f1ola, etc. Que viva en un pa\u00eds que no es el suyo. En este tipo de cursos la inmersi\u00f3n es real, ya que vivir\u00e9is con la familia de vuestro profesor y os comunicareis todo el tiempo en el idioma escogido. Este programa es una nueva forma se aprendizaje ling\u00fc\u00edstico que conviene sobre todo para periodos cortos (de 2 a 3 semanas)<\/p>\n<!-- AddThis Advanced Settings generic via filter on the_content --><!-- AddThis Share Buttons generic via filter on the_content -->","protected":false},"excerpt":{"rendered":"<p>Ir a estudiar un idioma al pa\u00eds d\u00f3nde se habla es la mejor manera de aprender y dominar una lengua. Existen m\u00faltiples posibilidades entre los diferentes cursos en funci\u00f3n de la edad y de la motivaci\u00f3n e intereses de cada <a class=\"more-link\" href=\"http:\/\/www.blog-cursos-idiomas.es\/cursos-idiomas\/aprende-un-idioma\/\">Seguir leyendo <span class=\"screen-reader-text\">  Aprende un idioma<\/span><span class=\"meta-nav\">&rarr;<\/span><\/a><!-- AddThis Advanced Settings generic via filter on get_the_excerpt --><!-- AddThis Share Buttons generic via filter on get_the_excerpt --><\/p>\n","protected":false},"author":1,"featured_media":0,"parent":0,"menu_order":4,"comment_status":"closed","ping_status":"open","template":"","meta":{"ngg_post_thumbnail":0,"footnotes":""},"class_list":["post-172","page","type-page","status-publish","hentry"],"_links":{"self":[{"href":"http:\/\/www.blog-cursos-idiomas.es\/cursos-idiomas\/wp-json\/wp\/v2\/pages\/172","targetHints":{"allow":["GET"]}}],"collection":[{"href":"http:\/\/www.blog-cursos-idiomas.es\/cursos-idiomas\/wp-json\/wp\/v2\/pages"}],"about":[{"href":"http:\/\/www.blog-cursos-idiomas.es\/cursos-idiomas\/wp-json\/wp\/v2\/types\/page"}],"author":[{"embeddable":true,"href":"http:\/\/www.blog-cursos-idiomas.es\/cursos-idiomas\/wp-json\/wp\/v2\/users\/1"}],"replies":[{"embeddable":true,"href":"http:\/\/www.blog-cursos-idiomas.es\/cursos-idiomas\/wp-json\/wp\/v2\/comments?post=172"}],"version-history":[{"count":6,"href":"http:\/\/www.blog-cursos-idiomas.es\/cursos-idiomas\/wp-json\/wp\/v2\/pages\/172\/revisions"}],"predecessor-version":[{"id":1014,"href":"http:\/\/www.blog-cursos-idiomas.es\/cursos-idiomas\/wp-json\/wp\/v2\/pages\/172\/revisions\/1014"}],"wp:attachment":[{"href":"http:\/\/www.blog-cursos-idiomas.es\/cursos-idiomas\/wp-json\/wp\/v2\/media?parent=172"}],"curies":[{"name":"wp","href":"https:\/\/api.w.org\/{rel}","templated":true}]}}